{"id":8,"date":"2025-03-26T17:17:00","date_gmt":"2025-03-26T17:17:00","guid":{"rendered":"https:\/\/incorporesano.rkinformatika.online\/?page_id=8"},"modified":"2025-04-07T08:42:29","modified_gmt":"2025-04-07T08:42:29","slug":"productos","status":"publish","type":"page","link":"https:\/\/centroincorporesano.com\/eu\/productos\/","title":{"rendered":"Produktuak"},"content":{"rendered":"\t\t<div data-elementor-type=\"wp-page\" data-elementor-id=\"8\" class=\"elementor elementor-8\" data-elementor-post-type=\"page\">\n\t\t\t\t<div class=\"elementor-element elementor-element-e600493 e-con-full e-flex e-con e-parent\" data-id=\"e600493\" data-element_type=\"container\" data-e-type=\"container\" data-settings=\"{&quot;background_background&quot;:&quot;classic&quot;}\">\n\t\t\t\t<div class=\"elementor-element elementor-element-c97de7f elementor-widget elementor-widget-heading\" data-id=\"c97de7f\" data-element_type=\"widget\" data-e-type=\"widget\" data-widget_type=\"heading.default\">\n\t\t\t\t<div class=\"elementor-widget-container\">\n\t\t\t\t\t<h2 class=\"elementor-heading-title elementor-size-default\">PRODUCTOS<\/h2>\t\t\t\t<\/div>\n\t\t\t\t<\/div>\n\t\t\t\t<\/div>\n\t\t<div class=\"elementor-element elementor-element-97e5306 e-flex e-con-boxed e-con e-parent\" data-id=\"97e5306\" data-element_type=\"container\" data-e-type=\"container\" data-settings=\"{&quot;background_background&quot;:&quot;classic&quot;}\">\n\t\t\t\t\t<div class=\"e-con-inner\">\n\t\t<div class=\"elementor-element elementor-element-bf9a913 e-con-full e-flex e-con e-child\" data-id=\"bf9a913\" data-element_type=\"container\" data-e-type=\"container\" data-settings=\"{&quot;background_background&quot;:&quot;classic&quot;}\">\n\t\t\t\t<div class=\"elementor-element elementor-element-4d13c91 elementor-invisible elementor-widget elementor-widget-heading\" data-id=\"4d13c91\" data-element_type=\"widget\" data-e-type=\"widget\" data-settings=\"{&quot;_animation&quot;:&quot;fadeInUp&quot;}\" data-widget_type=\"heading.default\">\n\t\t\t\t<div class=\"elementor-widget-container\">\n\t\t\t\t\t<h2 class=\"elementor-heading-title elementor-size-default\">Cremas<\/h2>\t\t\t\t<\/div>\n\t\t\t\t<\/div>\n\t\t\t\t<div class=\"elementor-element elementor-element-951ea5c elementor-widget-mobile__width-initial elementor-invisible elementor-widget elementor-widget-heading\" data-id=\"951ea5c\" data-element_type=\"widget\" data-e-type=\"widget\" data-settings=\"{&quot;_animation&quot;:&quot;fadeInUp&quot;}\" data-widget_type=\"heading.default\">\n\t\t\t\t<div class=\"elementor-widget-container\">\n\t\t\t\t\t<h2 class=\"elementor-heading-title elementor-size-default\">Descubre el placer de un masaje revitalizante con nuestras cremas especialmente formuladas para calmar y nutrir tu piel. Con ingredientes naturales y una textura suave, cada aplicaci\u00f3n ayuda a liberar tensiones, mejorar la circulaci\u00f3n y dejar tu piel hidratada y rejuvenecida.<\/h2>\t\t\t\t<\/div>\n\t\t\t\t<\/div>\n\t\t\t\t<\/div>\n\t\t<div class=\"elementor-element elementor-element-64f0904 e-con-full e-flex e-con e-child\" data-id=\"64f0904\" data-element_type=\"container\" data-e-type=\"container\">\n\t\t\t\t<div class=\"elementor-element elementor-element-37c8f72 elementor-invisible elementor-widget elementor-widget-image\" data-id=\"37c8f72\" data-element_type=\"widget\" data-e-type=\"widget\" data-settings=\"{&quot;_animation&quot;:&quot;fadeIn&quot;}\" data-widget_type=\"image.default\">\n\t\t\t\t<div class=\"elementor-widget-container\">\n\t\t\t\t\t\t\t\t\t\t\t\t\t\t\t<img fetchpriority=\"high\" decoding=\"async\" width=\"612\" height=\"408\" src=\"https:\/\/centroincorporesano.com\/wp-content\/uploads\/2025\/04\/cream-and-brush-for-body-for-drying-massage-anticellulite-massage-768x512-removebg-preview.png\" class=\"elementor-animation-grow attachment-medium_large size-medium_large wp-image-1293\" alt=\"\" srcset=\"https:\/\/centroincorporesano.com\/wp-content\/uploads\/2025\/04\/cream-and-brush-for-body-for-drying-massage-anticellulite-massage-768x512-removebg-preview.png 612w, https:\/\/centroincorporesano.com\/wp-content\/uploads\/2025\/04\/cream-and-brush-for-body-for-drying-massage-anticellulite-massage-768x512-removebg-preview-300x200.png 300w, https:\/\/centroincorporesano.com\/wp-content\/uploads\/2025\/04\/cream-and-brush-for-body-for-drying-massage-anticellulite-massage-768x512-removebg-preview-18x12.png 18w\" sizes=\"(max-width: 612px) 100vw, 612px\" \/>\t\t\t\t\t\t\t\t\t\t\t\t\t\t\t<\/div>\n\t\t\t\t<\/div>\n\t\t\t\t<\/div>\n\t\t<div class=\"elementor-element elementor-element-04eaf36 e-con-full e-flex e-con e-child\" data-id=\"04eaf36\" data-element_type=\"container\" data-e-type=\"container\">\n\t\t\t\t<div class=\"elementor-element elementor-element-c32c8c0 elementor-invisible elementor-widget elementor-widget-image\" data-id=\"c32c8c0\" data-element_type=\"widget\" data-e-type=\"widget\" data-settings=\"{&quot;_animation&quot;:&quot;fadeIn&quot;}\" data-widget_type=\"image.default\">\n\t\t\t\t<div class=\"elementor-widget-container\">\n\t\t\t\t\t\t\t\t\t\t\t\t\t\t\t<img decoding=\"async\" width=\"612\" height=\"408\" src=\"https:\/\/centroincorporesano.com\/wp-content\/uploads\/2025\/04\/lipstick-tubes-composition-removebg-preview.png\" class=\"elementor-animation-grow attachment-2048x2048 size-2048x2048 wp-image-1297\" alt=\"\" srcset=\"https:\/\/centroincorporesano.com\/wp-content\/uploads\/2025\/04\/lipstick-tubes-composition-removebg-preview.png 612w, https:\/\/centroincorporesano.com\/wp-content\/uploads\/2025\/04\/lipstick-tubes-composition-removebg-preview-300x200.png 300w, https:\/\/centroincorporesano.com\/wp-content\/uploads\/2025\/04\/lipstick-tubes-composition-removebg-preview-18x12.png 18w\" sizes=\"(max-width: 612px) 100vw, 612px\" \/>\t\t\t\t\t\t\t\t\t\t\t\t\t\t\t<\/div>\n\t\t\t\t<\/div>\n\t\t\t\t<\/div>\n\t\t<div class=\"elementor-element elementor-element-8be6baf e-con-full e-flex e-con e-child\" data-id=\"8be6baf\" data-element_type=\"container\" data-e-type=\"container\" data-settings=\"{&quot;background_background&quot;:&quot;classic&quot;}\">\n\t\t\t\t<div class=\"elementor-element elementor-element-cda25e7 elementor-widget-tablet__width-initial elementor-invisible elementor-widget elementor-widget-heading\" data-id=\"cda25e7\" data-element_type=\"widget\" data-e-type=\"widget\" data-settings=\"{&quot;_animation&quot;:&quot;fadeInUp&quot;}\" data-widget_type=\"heading.default\">\n\t\t\t\t<div class=\"elementor-widget-container\">\n\t\t\t\t\t<h2 class=\"elementor-heading-title elementor-size-xxl\">B\u00e1lsamos<\/h2>\t\t\t\t<\/div>\n\t\t\t\t<\/div>\n\t\t\t\t<div class=\"elementor-element elementor-element-d4e1691 elementor-invisible elementor-widget elementor-widget-text-editor\" data-id=\"d4e1691\" data-element_type=\"widget\" data-e-type=\"widget\" data-settings=\"{&quot;_animation&quot;:&quot;fadeInUp&quot;}\" data-widget_type=\"text-editor.default\">\n\t\t\t\t<div class=\"elementor-widget-container\">\n\t\t\t\t\t\t\t\t\t<p>Cuida y protege tu piel con nuestros b\u00e1lsamos, dise\u00f1ados para aliviar, hidratar y restaurar la suavidad de tu piel de manera natural. Perfectos para tratar zonas secas o agrietadas, cada aplicaci\u00f3n deja tu piel suave, nutrida y profundamente hidratada. \u00a1La soluci\u00f3n ideal para mantener tu piel saludable y renovada todos los d\u00edas<\/p>\t\t\t\t\t\t\t\t<\/div>\n\t\t\t\t<\/div>\n\t\t\t\t<\/div>\n\t\t\t\t\t<\/div>\n\t\t\t\t<\/div>\n\t\t<div class=\"elementor-element elementor-element-a6999da e-flex e-con-boxed e-con e-parent\" data-id=\"a6999da\" data-element_type=\"container\" data-e-type=\"container\" data-settings=\"{&quot;background_background&quot;:&quot;classic&quot;}\">\n\t\t\t\t\t<div class=\"e-con-inner\">\n\t\t<div class=\"elementor-element elementor-element-a4907dc e-con-full e-flex e-con e-child\" data-id=\"a4907dc\" data-element_type=\"container\" data-e-type=\"container\" data-settings=\"{&quot;background_background&quot;:&quot;classic&quot;}\">\n\t\t\t\t<div class=\"elementor-element elementor-element-1f1fdc0 elementor-invisible elementor-widget elementor-widget-heading\" data-id=\"1f1fdc0\" data-element_type=\"widget\" data-e-type=\"widget\" data-settings=\"{&quot;_animation&quot;:&quot;fadeInUp&quot;}\" data-widget_type=\"heading.default\">\n\t\t\t\t<div class=\"elementor-widget-container\">\n\t\t\t\t\t<h2 class=\"elementor-heading-title elementor-size-default\">Aceites<\/h2>\t\t\t\t<\/div>\n\t\t\t\t<\/div>\n\t\t\t\t<div class=\"elementor-element elementor-element-6ce239a elementor-widget-mobile__width-initial elementor-invisible elementor-widget elementor-widget-heading\" data-id=\"6ce239a\" data-element_type=\"widget\" data-e-type=\"widget\" data-settings=\"{&quot;_animation&quot;:&quot;fadeInUp&quot;}\" data-widget_type=\"heading.default\">\n\t\t\t\t<div class=\"elementor-widget-container\">\n\t\t\t\t\t<h2 class=\"elementor-heading-title elementor-size-default\">Transforma cada masaje en una experiencia de relajaci\u00f3n total con nuestros aceites para masaje. Formulados con ingredientes naturales, hidratan profundamente la piel, relajan los m\u00fasculos y despiertan tus sentidos. Perfectos para aliviar el estr\u00e9s y disfrutar de un bienestar completo, \u00a1tu cuerpo y mente te lo agradecer\u00e1n!<\/h2>\t\t\t\t<\/div>\n\t\t\t\t<\/div>\n\t\t\t\t<\/div>\n\t\t<div class=\"elementor-element elementor-element-df07f35 e-con-full e-flex e-con e-child\" data-id=\"df07f35\" data-element_type=\"container\" data-e-type=\"container\">\n\t\t\t\t<div class=\"elementor-element elementor-element-04d38b6 elementor-invisible elementor-widget elementor-widget-image\" data-id=\"04d38b6\" data-element_type=\"widget\" data-e-type=\"widget\" data-settings=\"{&quot;_animation&quot;:&quot;fadeIn&quot;}\" data-widget_type=\"image.default\">\n\t\t\t\t<div class=\"elementor-widget-container\">\n\t\t\t\t\t\t\t\t\t\t\t\t\t\t\t<img decoding=\"async\" width=\"600\" height=\"400\" src=\"https:\/\/centroincorporesano.com\/wp-content\/uploads\/2025\/04\/herbal-medicine-r3rj6u89msv4djfdhdjjym6qx1p9bguqkxgovt58yo-removebg-preview.png\" class=\"elementor-animation-grow attachment-2048x2048 size-2048x2048 wp-image-1301\" alt=\"\" srcset=\"https:\/\/centroincorporesano.com\/wp-content\/uploads\/2025\/04\/herbal-medicine-r3rj6u89msv4djfdhdjjym6qx1p9bguqkxgovt58yo-removebg-preview.png 600w, https:\/\/centroincorporesano.com\/wp-content\/uploads\/2025\/04\/herbal-medicine-r3rj6u89msv4djfdhdjjym6qx1p9bguqkxgovt58yo-removebg-preview-300x200.png 300w, https:\/\/centroincorporesano.com\/wp-content\/uploads\/2025\/04\/herbal-medicine-r3rj6u89msv4djfdhdjjym6qx1p9bguqkxgovt58yo-removebg-preview-18x12.png 18w\" sizes=\"(max-width: 600px) 100vw, 600px\" \/>\t\t\t\t\t\t\t\t\t\t\t\t\t\t\t<\/div>\n\t\t\t\t<\/div>\n\t\t\t\t<\/div>\n\t\t<div class=\"elementor-element elementor-element-b75d64d e-con-full e-flex e-con e-child\" data-id=\"b75d64d\" data-element_type=\"container\" data-e-type=\"container\">\n\t\t\t\t<div class=\"elementor-element elementor-element-c24de4e elementor-invisible elementor-widget elementor-widget-image\" data-id=\"c24de4e\" data-element_type=\"widget\" data-e-type=\"widget\" data-settings=\"{&quot;_animation&quot;:&quot;fadeIn&quot;}\" data-widget_type=\"image.default\">\n\t\t\t\t<div class=\"elementor-widget-container\">\n\t\t\t\t\t\t\t\t\t\t\t\t\t\t\t<img loading=\"lazy\" decoding=\"async\" width=\"577\" height=\"433\" src=\"https:\/\/centroincorporesano.com\/wp-content\/uploads\/2025\/04\/jasmin-tea-r3rg52mtz06jsv6r9r6b0h1nnv5frfilx81rncurn4-removebg-preview.png\" class=\"elementor-animation-grow attachment-2048x2048 size-2048x2048 wp-image-1305\" alt=\"\" srcset=\"https:\/\/centroincorporesano.com\/wp-content\/uploads\/2025\/04\/jasmin-tea-r3rg52mtz06jsv6r9r6b0h1nnv5frfilx81rncurn4-removebg-preview.png 577w, https:\/\/centroincorporesano.com\/wp-content\/uploads\/2025\/04\/jasmin-tea-r3rg52mtz06jsv6r9r6b0h1nnv5frfilx81rncurn4-removebg-preview-300x225.png 300w, https:\/\/centroincorporesano.com\/wp-content\/uploads\/2025\/04\/jasmin-tea-r3rg52mtz06jsv6r9r6b0h1nnv5frfilx81rncurn4-removebg-preview-16x12.png 16w, https:\/\/centroincorporesano.com\/wp-content\/uploads\/2025\/04\/elementor\/thumbs\/jasmin-tea-r3rg52mtz06jsv6r9r6b0h1nnv5frfilx81rncurn4-removebg-preview-150x150.png 800w\" sizes=\"(max-width: 577px) 100vw, 577px\" \/>\t\t\t\t\t\t\t\t\t\t\t\t\t\t\t<\/div>\n\t\t\t\t<\/div>\n\t\t\t\t<\/div>\n\t\t<div class=\"elementor-element elementor-element-ecaa453 e-con-full e-flex e-con e-child\" data-id=\"ecaa453\" data-element_type=\"container\" data-e-type=\"container\" data-settings=\"{&quot;background_background&quot;:&quot;classic&quot;}\">\n\t\t\t\t<div class=\"elementor-element elementor-element-b62cb53 elementor-invisible elementor-widget elementor-widget-heading\" data-id=\"b62cb53\" data-element_type=\"widget\" data-e-type=\"widget\" data-settings=\"{&quot;_animation&quot;:&quot;fadeInUp&quot;}\" data-widget_type=\"heading.default\">\n\t\t\t\t<div class=\"elementor-widget-container\">\n\t\t\t\t\t<h2 class=\"elementor-heading-title elementor-size-xxl\">Infusiones<\/h2>\t\t\t\t<\/div>\n\t\t\t\t<\/div>\n\t\t\t\t<div class=\"elementor-element elementor-element-330d6cd elementor-invisible elementor-widget elementor-widget-text-editor\" data-id=\"330d6cd\" data-element_type=\"widget\" data-e-type=\"widget\" data-settings=\"{&quot;_animation&quot;:&quot;fadeInUp&quot;}\" data-widget_type=\"text-editor.default\">\n\t\t\t\t<div class=\"elementor-widget-container\">\n\t\t\t\t\t\t\t\t\t<article class=\"text-token-text-primary w-full\" dir=\"auto\" data-testid=\"conversation-turn-4\" data-scroll-anchor=\"true\"><div class=\"text-base my-auto mx-auto py-5 px-6\"><div class=\"mx-auto flex flex-1 text-base gap-4 md:gap-5 lg:gap-6 md:max-w-3xl group\/turn-messages focus-visible:outline-hidden\" tabindex=\"-1\"><div class=\"group\/conversation-turn relative flex w-full min-w-0 flex-col agent-turn @xs\/thread:px-0 @sm\/thread:px-1.5 @md\/thread:px-4\"><div class=\"relative flex-col gap-1 md:gap-3\"><div class=\"flex max-w-full flex-col grow\"><div class=\"min-h-8 text-message relative flex w-full flex-col items-end gap-2 text-start break-words whitespace-normal [.text-message+&amp;]:mt-5\" dir=\"auto\" data-message-author-role=\"assistant\" data-message-id=\"2ea410f2-aae5-43a0-9517-00f9887a479b\" data-message-model-slug=\"gpt-4o-mini\"><div class=\"flex w-full flex-col gap-1 empty:hidden first:pt-[3px]\"><div class=\"markdown prose dark:prose-invert w-full break-words light\"><p class=\"\" data-start=\"0\" data-end=\"475\">Sum\u00e9rgete en una experiencia \u00fanica de sabor y bienestar con nuestras infusiones. Cada taza est\u00e1 elaborada con ingredientes naturales de la m\u00e1s alta calidad, seleccionados para brindarte momentos de tranquilidad, energ\u00eda o vitalidad, seg\u00fan lo que necesites.\u00a0 \u00a1Elige el equilibrio que tu cuerpo merece!<\/p><\/div><\/div><\/div><\/div><\/div><\/div><\/div><\/div><\/article>\t\t\t\t\t\t\t\t<\/div>\n\t\t\t\t<\/div>\n\t\t\t\t<\/div>\n\t\t\t\t\t<\/div>\n\t\t\t\t<\/div>\n\t\t\t\t<\/div>\n\t\t","protected":false},"excerpt":{"rendered":"<p>PRODUCTOS Cremas Descubre el placer de un masaje revitalizante con nuestras cremas especialmente formuladas para calmar y nutrir tu piel. Con ingredientes naturales y una textura suave, cada aplicaci\u00f3n ayuda a liberar tensiones, mejorar la circulaci\u00f3n y dejar tu piel hidratada y rejuvenecida. B\u00e1lsamos Cuida y protege tu piel con nuestros b\u00e1lsamos, dise\u00f1ados para aliviar, [&hellip;]<\/p>\n","protected":false},"author":1,"featured_media":0,"parent":0,"menu_order":0,"comment_status":"closed","ping_status":"closed","template":"elementor_canvas","meta":{"footnotes":""},"class_list":["post-8","page","type-page","status-publish","hentry"],"yoast_head":"<!-- This site is optimized with the Yoast SEO plugin v27.5 - https:\/\/yoast.com\/product\/yoast-seo-wordpress\/ -->\n<title>Productos - In corpore sano<\/title>\n<meta name=\"robots\" content=\"index, follow, max-snippet:-1, max-image-preview:large, max-video-preview:-1\" \/>\n<link rel=\"canonical\" href=\"https:\/\/centroincorporesano.com\/eu\/productos\/\" \/>\n<meta property=\"og:locale\" content=\"en_US\" \/>\n<meta property=\"og:type\" content=\"article\" \/>\n<meta property=\"og:title\" content=\"Productos - In corpore sano\" \/>\n<meta property=\"og:description\" content=\"PRODUCTOS Cremas Descubre el placer de un masaje revitalizante con nuestras cremas especialmente formuladas para calmar y nutrir tu piel. Con ingredientes naturales y una textura suave, cada aplicaci\u00f3n ayuda a liberar tensiones, mejorar la circulaci\u00f3n y dejar tu piel hidratada y rejuvenecida. B\u00e1lsamos Cuida y protege tu piel con nuestros b\u00e1lsamos, dise\u00f1ados para aliviar, [&hellip;]\" \/>\n<meta property=\"og:url\" content=\"https:\/\/centroincorporesano.com\/eu\/productos\/\" \/>\n<meta property=\"og:site_name\" content=\"In corpore sano\" \/>\n<meta property=\"article:modified_time\" content=\"2025-04-07T08:42:29+00:00\" \/>\n<meta property=\"og:image\" content=\"https:\/\/centroincorporesano.com\/wp-content\/uploads\/2025\/04\/cream-and-brush-for-body-for-drying-massage-anticellulite-massage-768x512-removebg-preview.png\" \/>\n<meta name=\"twitter:card\" content=\"summary_large_image\" \/>\n<meta name=\"twitter:label1\" content=\"Est. reading time\" \/>\n\t<meta name=\"twitter:data1\" content=\"2 minutua\" \/>\n<script type=\"application\/ld+json\" class=\"yoast-schema-graph\">{\"@context\":\"https:\\\/\\\/schema.org\",\"@graph\":[{\"@type\":\"WebPage\",\"@id\":\"https:\\\/\\\/centroincorporesano.com\\\/productos\\\/\",\"url\":\"https:\\\/\\\/centroincorporesano.com\\\/productos\\\/\",\"name\":\"Productos - In corpore sano\",\"isPartOf\":{\"@id\":\"https:\\\/\\\/centroincorporesano.com\\\/#website\"},\"primaryImageOfPage\":{\"@id\":\"https:\\\/\\\/centroincorporesano.com\\\/productos\\\/#primaryimage\"},\"image\":{\"@id\":\"https:\\\/\\\/centroincorporesano.com\\\/productos\\\/#primaryimage\"},\"thumbnailUrl\":\"https:\\\/\\\/centroincorporesano.com\\\/wp-content\\\/uploads\\\/2025\\\/04\\\/cream-and-brush-for-body-for-drying-massage-anticellulite-massage-768x512-removebg-preview.png\",\"datePublished\":\"2025-03-26T17:17:00+00:00\",\"dateModified\":\"2025-04-07T08:42:29+00:00\",\"breadcrumb\":{\"@id\":\"https:\\\/\\\/centroincorporesano.com\\\/productos\\\/#breadcrumb\"},\"inLanguage\":\"eu\",\"potentialAction\":[{\"@type\":\"ReadAction\",\"target\":[\"https:\\\/\\\/centroincorporesano.com\\\/productos\\\/\"]}]},{\"@type\":\"ImageObject\",\"inLanguage\":\"eu\",\"@id\":\"https:\\\/\\\/centroincorporesano.com\\\/productos\\\/#primaryimage\",\"url\":\"https:\\\/\\\/centroincorporesano.com\\\/wp-content\\\/uploads\\\/2025\\\/04\\\/cream-and-brush-for-body-for-drying-massage-anticellulite-massage-768x512-removebg-preview.png\",\"contentUrl\":\"https:\\\/\\\/centroincorporesano.com\\\/wp-content\\\/uploads\\\/2025\\\/04\\\/cream-and-brush-for-body-for-drying-massage-anticellulite-massage-768x512-removebg-preview.png\"},{\"@type\":\"BreadcrumbList\",\"@id\":\"https:\\\/\\\/centroincorporesano.com\\\/productos\\\/#breadcrumb\",\"itemListElement\":[{\"@type\":\"ListItem\",\"position\":1,\"name\":\"Portada\",\"item\":\"https:\\\/\\\/centroincorporesano.com\\\/\"},{\"@type\":\"ListItem\",\"position\":2,\"name\":\"Productos\"}]},{\"@type\":\"WebSite\",\"@id\":\"https:\\\/\\\/centroincorporesano.com\\\/#website\",\"url\":\"https:\\\/\\\/centroincorporesano.com\\\/\",\"name\":\"In corpore sano\",\"description\":\"\",\"publisher\":{\"@id\":\"https:\\\/\\\/centroincorporesano.com\\\/#organization\"},\"potentialAction\":[{\"@type\":\"SearchAction\",\"target\":{\"@type\":\"EntryPoint\",\"urlTemplate\":\"https:\\\/\\\/centroincorporesano.com\\\/?s={search_term_string}\"},\"query-input\":{\"@type\":\"PropertyValueSpecification\",\"valueRequired\":true,\"valueName\":\"search_term_string\"}}],\"inLanguage\":\"eu\"},{\"@type\":\"Organization\",\"@id\":\"https:\\\/\\\/centroincorporesano.com\\\/#organization\",\"name\":\"In corpore sano\",\"url\":\"https:\\\/\\\/centroincorporesano.com\\\/\",\"logo\":{\"@type\":\"ImageObject\",\"inLanguage\":\"eu\",\"@id\":\"https:\\\/\\\/centroincorporesano.com\\\/#\\\/schema\\\/logo\\\/image\\\/\",\"url\":\"https:\\\/\\\/centroincorporesano.com\\\/wp-content\\\/uploads\\\/2025\\\/03\\\/cropped-In-corpore-sano.png\",\"contentUrl\":\"https:\\\/\\\/centroincorporesano.com\\\/wp-content\\\/uploads\\\/2025\\\/03\\\/cropped-In-corpore-sano.png\",\"width\":438,\"height\":209,\"caption\":\"In corpore sano\"},\"image\":{\"@id\":\"https:\\\/\\\/centroincorporesano.com\\\/#\\\/schema\\\/logo\\\/image\\\/\"}}]}<\/script>\n<!-- \/ Yoast SEO plugin. -->","yoast_head_json":{"title":"Productos - In corpore sano","robots":{"index":"index","follow":"follow","max-snippet":"max-snippet:-1","max-image-preview":"max-image-preview:large","max-video-preview":"max-video-preview:-1"},"canonical":"https:\/\/centroincorporesano.com\/eu\/productos\/","og_locale":"en_US","og_type":"article","og_title":"Productos - In corpore sano","og_description":"PRODUCTOS Cremas Descubre el placer de un masaje revitalizante con nuestras cremas especialmente formuladas para calmar y nutrir tu piel. Con ingredientes naturales y una textura suave, cada aplicaci\u00f3n ayuda a liberar tensiones, mejorar la circulaci\u00f3n y dejar tu piel hidratada y rejuvenecida. B\u00e1lsamos Cuida y protege tu piel con nuestros b\u00e1lsamos, dise\u00f1ados para aliviar, [&hellip;]","og_url":"https:\/\/centroincorporesano.com\/eu\/productos\/","og_site_name":"In corpore sano","article_modified_time":"2025-04-07T08:42:29+00:00","og_image":[{"url":"https:\/\/centroincorporesano.com\/wp-content\/uploads\/2025\/04\/cream-and-brush-for-body-for-drying-massage-anticellulite-massage-768x512-removebg-preview.png","type":"","width":"","height":""}],"twitter_card":"summary_large_image","twitter_misc":{"Est. reading time":"2 minutua"},"schema":{"@context":"https:\/\/schema.org","@graph":[{"@type":"WebPage","@id":"https:\/\/centroincorporesano.com\/productos\/","url":"https:\/\/centroincorporesano.com\/productos\/","name":"Productos - In corpore sano","isPartOf":{"@id":"https:\/\/centroincorporesano.com\/#website"},"primaryImageOfPage":{"@id":"https:\/\/centroincorporesano.com\/productos\/#primaryimage"},"image":{"@id":"https:\/\/centroincorporesano.com\/productos\/#primaryimage"},"thumbnailUrl":"https:\/\/centroincorporesano.com\/wp-content\/uploads\/2025\/04\/cream-and-brush-for-body-for-drying-massage-anticellulite-massage-768x512-removebg-preview.png","datePublished":"2025-03-26T17:17:00+00:00","dateModified":"2025-04-07T08:42:29+00:00","breadcrumb":{"@id":"https:\/\/centroincorporesano.com\/productos\/#breadcrumb"},"inLanguage":"eu","potentialAction":[{"@type":"ReadAction","target":["https:\/\/centroincorporesano.com\/productos\/"]}]},{"@type":"ImageObject","inLanguage":"eu","@id":"https:\/\/centroincorporesano.com\/productos\/#primaryimage","url":"https:\/\/centroincorporesano.com\/wp-content\/uploads\/2025\/04\/cream-and-brush-for-body-for-drying-massage-anticellulite-massage-768x512-removebg-preview.png","contentUrl":"https:\/\/centroincorporesano.com\/wp-content\/uploads\/2025\/04\/cream-and-brush-for-body-for-drying-massage-anticellulite-massage-768x512-removebg-preview.png"},{"@type":"BreadcrumbList","@id":"https:\/\/centroincorporesano.com\/productos\/#breadcrumb","itemListElement":[{"@type":"ListItem","position":1,"name":"Portada","item":"https:\/\/centroincorporesano.com\/"},{"@type":"ListItem","position":2,"name":"Productos"}]},{"@type":"WebSite","@id":"https:\/\/centroincorporesano.com\/#website","url":"https:\/\/centroincorporesano.com\/","name":"In corpore sano","description":"","publisher":{"@id":"https:\/\/centroincorporesano.com\/#organization"},"potentialAction":[{"@type":"SearchAction","target":{"@type":"EntryPoint","urlTemplate":"https:\/\/centroincorporesano.com\/?s={search_term_string}"},"query-input":{"@type":"PropertyValueSpecification","valueRequired":true,"valueName":"search_term_string"}}],"inLanguage":"eu"},{"@type":"Organization","@id":"https:\/\/centroincorporesano.com\/#organization","name":"In corpore sano","url":"https:\/\/centroincorporesano.com\/","logo":{"@type":"ImageObject","inLanguage":"eu","@id":"https:\/\/centroincorporesano.com\/#\/schema\/logo\/image\/","url":"https:\/\/centroincorporesano.com\/wp-content\/uploads\/2025\/03\/cropped-In-corpore-sano.png","contentUrl":"https:\/\/centroincorporesano.com\/wp-content\/uploads\/2025\/03\/cropped-In-corpore-sano.png","width":438,"height":209,"caption":"In corpore sano"},"image":{"@id":"https:\/\/centroincorporesano.com\/#\/schema\/logo\/image\/"}}]}},"_links":{"self":[{"href":"https:\/\/centroincorporesano.com\/eu\/wp-json\/wp\/v2\/pages\/8","targetHints":{"allow":["GET"]}}],"collection":[{"href":"https:\/\/centroincorporesano.com\/eu\/wp-json\/wp\/v2\/pages"}],"about":[{"href":"https:\/\/centroincorporesano.com\/eu\/wp-json\/wp\/v2\/types\/page"}],"author":[{"embeddable":true,"href":"https:\/\/centroincorporesano.com\/eu\/wp-json\/wp\/v2\/users\/1"}],"replies":[{"embeddable":true,"href":"https:\/\/centroincorporesano.com\/eu\/wp-json\/wp\/v2\/comments?post=8"}],"version-history":[{"count":365,"href":"https:\/\/centroincorporesano.com\/eu\/wp-json\/wp\/v2\/pages\/8\/revisions"}],"predecessor-version":[{"id":1386,"href":"https:\/\/centroincorporesano.com\/eu\/wp-json\/wp\/v2\/pages\/8\/revisions\/1386"}],"wp:attachment":[{"href":"https:\/\/centroincorporesano.com\/eu\/wp-json\/wp\/v2\/media?parent=8"}],"curies":[{"name":"wp","href":"https:\/\/api.w.org\/{rel}","templated":true}]}}