{"id":2,"date":"2025-03-26T17:03:04","date_gmt":"2025-03-26T17:03:04","guid":{"rendered":"https:\/\/incorporesano.rkinformatika.online\/?page_id=2"},"modified":"2025-04-02T14:25:23","modified_gmt":"2025-04-02T14:25:23","slug":"inicio","status":"publish","type":"page","link":"https:\/\/centroincorporesano.com\/eu\/","title":{"rendered":"Hasiera"},"content":{"rendered":"\t\t<div data-elementor-type=\"wp-page\" data-elementor-id=\"2\" class=\"elementor elementor-2\" data-elementor-post-type=\"page\">\n\t\t\t\t<div class=\"elementor-element elementor-element-02ea10a e-transform e-flex e-con-boxed e-con e-parent\" data-id=\"02ea10a\" data-element_type=\"container\" data-e-type=\"container\" data-settings=\"{&quot;background_background&quot;:&quot;classic&quot;,&quot;_transform_rotateZ_effect&quot;:{&quot;unit&quot;:&quot;px&quot;,&quot;size&quot;:&quot;&quot;,&quot;sizes&quot;:[]},&quot;_transform_rotateZ_effect_tablet&quot;:{&quot;unit&quot;:&quot;deg&quot;,&quot;size&quot;:&quot;&quot;,&quot;sizes&quot;:[]},&quot;_transform_rotateZ_effect_mobile&quot;:{&quot;unit&quot;:&quot;deg&quot;,&quot;size&quot;:&quot;&quot;,&quot;sizes&quot;:[]}}\">\n\t\t\t\t\t<div class=\"e-con-inner\">\n\t\t\t\t<div class=\"elementor-element elementor-element-43fd48e elementor-invisible elementor-widget elementor-widget-heading\" data-id=\"43fd48e\" data-element_type=\"widget\" data-e-type=\"widget\" data-settings=\"{&quot;_animation&quot;:&quot;zoomIn&quot;}\" data-widget_type=\"heading.default\">\n\t\t\t\t<div class=\"elementor-widget-container\">\n\t\t\t\t\t<h2 class=\"elementor-heading-title elementor-size-default\">Bienvenidos a <\/h2>\t\t\t\t<\/div>\n\t\t\t\t<\/div>\n\t\t\t\t<div class=\"elementor-element elementor-element-f3e0b2d animated-slow elementor-invisible elementor-widget elementor-widget-heading\" data-id=\"f3e0b2d\" data-element_type=\"widget\" data-e-type=\"widget\" data-settings=\"{&quot;_animation&quot;:&quot;zoomIn&quot;,&quot;_animation_delay&quot;:300}\" data-widget_type=\"heading.default\">\n\t\t\t\t<div class=\"elementor-widget-container\">\n\t\t\t\t\t<h2 class=\"elementor-heading-title elementor-size-default\">In Corpore Sano<\/h2>\t\t\t\t<\/div>\n\t\t\t\t<\/div>\n\t\t\t\t<div class=\"elementor-element elementor-element-01ceaaf elementor-button-warning elementor-fixed elementor-invisible elementor-widget elementor-widget-button\" data-id=\"01ceaaf\" data-element_type=\"widget\" data-e-type=\"widget\" data-settings=\"{&quot;_position&quot;:&quot;fixed&quot;,&quot;_animation&quot;:&quot;bounceIn&quot;}\" data-widget_type=\"button.default\">\n\t\t\t\t<div class=\"elementor-widget-container\">\n\t\t\t\t\t\t\t\t\t<div class=\"elementor-button-wrapper\">\n\t\t\t\t\t<a class=\"elementor-button elementor-button-link elementor-size-sm\" href=\"tel:%20+34%20677%20143%20782\">\n\t\t\t\t\t\t<span class=\"elementor-button-content-wrapper\">\n\t\t\t\t\t\t\t\t\t<span class=\"elementor-button-text\">Cita previa<\/span>\n\t\t\t\t\t<\/span>\n\t\t\t\t\t<\/a>\n\t\t\t\t<\/div>\n\t\t\t\t\t\t\t\t<\/div>\n\t\t\t\t<\/div>\n\t\t\t\t\t<\/div>\n\t\t\t\t<\/div>\n\t\t<div class=\"elementor-element elementor-element-e07b512 e-flex e-con-boxed e-con e-parent\" data-id=\"e07b512\" data-element_type=\"container\" data-e-type=\"container\">\n\t\t\t\t\t<div class=\"e-con-inner\">\n\t\t<div class=\"elementor-element elementor-element-2b41ce4 e-con-full e-flex e-con e-child\" data-id=\"2b41ce4\" data-element_type=\"container\" data-e-type=\"container\">\n\t\t\t\t<div class=\"elementor-element elementor-element-07aedca elementor-invisible elementor-widget elementor-widget-heading\" data-id=\"07aedca\" data-element_type=\"widget\" data-e-type=\"widget\" data-settings=\"{&quot;_animation&quot;:&quot;fadeInLeft&quot;}\" data-widget_type=\"heading.default\">\n\t\t\t\t<div class=\"elementor-widget-container\">\n\t\t\t\t\t<h2 class=\"elementor-heading-title elementor-size-default\">Sobre Nosotros<\/h2>\t\t\t\t<\/div>\n\t\t\t\t<\/div>\n\t\t\t\t<div class=\"elementor-element elementor-element-f64a656 elementor-invisible elementor-widget elementor-widget-text-editor\" data-id=\"f64a656\" data-element_type=\"widget\" data-e-type=\"widget\" data-settings=\"{&quot;_animation&quot;:&quot;zoomIn&quot;}\" data-widget_type=\"text-editor.default\">\n\t\t\t\t<div class=\"elementor-widget-container\">\n\t\t\t\t\t\t\t\t\t<article class=\"w-full text-token-text-primary\" dir=\"auto\" data-testid=\"conversation-turn-4\" data-scroll-anchor=\"true\"><div class=\"text-base my-auto mx-auto py-5 px-6\"><div class=\"mx-auto flex flex-1 text-base gap-4 md:gap-5 lg:gap-6 md:max-w-3xl group\/turn-messages focus-visible:outline-none\" tabindex=\"-1\"><div class=\"group\/conversation-turn relative flex w-full min-w-0 flex-col agent-turn @xs\/thread:px-0 @sm\/thread:px-1.5 @md\/thread:px-4\"><div class=\"relative flex-col gap-1 md:gap-3\"><div class=\"flex max-w-full flex-col flex-grow\"><div class=\"min-h-8 text-message relative flex w-full flex-col items-end gap-2 whitespace-normal break-words text-start [.text-message+&amp;]:mt-5\" dir=\"auto\" data-message-author-role=\"assistant\" data-message-id=\"9745dd98-16f8-4117-b675-033f6fde097e\" data-message-model-slug=\"gpt-4o-mini\"><div class=\"flex w-full flex-col gap-1 empty:hidden first:pt-[3px]\"><div class=\"markdown prose w-full break-words dark:prose-invert dark\"><p class=\"\" data-start=\"0\" data-end=\"524\">In Corpore Sano es un centro especializado en masajes y herbolario que cuenta con m\u00e1s de 15 a\u00f1os de experiencia en el sector del bienestar. Desde inicio, hemos estado comprometidos con ofrecer servicios que promuevan la salud f\u00edsica y mental.<\/p><p class=\"\" data-start=\"0\" data-end=\"524\">En Erandio, llevamos 10 a\u00f1os como herbolario, proporcionando productos naturales y tratamientos personalizados. Su enfoque integral combina la tradici\u00f3n de la fitoterapia con la relajaci\u00f3n y recuperaci\u00f3n corporal, ayudando a sus clientes a alcanzar un equilibrio total.<\/p><\/div><\/div><\/div><\/div><\/div><\/div><\/div><\/div><\/article>\t\t\t\t\t\t\t\t<\/div>\n\t\t\t\t<\/div>\n\t\t\t\t<\/div>\n\t\t<div class=\"elementor-element elementor-element-0bec018 e-con-full e-flex e-con e-child\" data-id=\"0bec018\" data-element_type=\"container\" data-e-type=\"container\" data-settings=\"{&quot;background_background&quot;:&quot;classic&quot;,&quot;background_motion_fx_motion_fx_mouse&quot;:&quot;yes&quot;,&quot;background_motion_fx_mouseTrack_effect&quot;:&quot;yes&quot;,&quot;background_motion_fx_mouseTrack_speed&quot;:{&quot;unit&quot;:&quot;px&quot;,&quot;size&quot;:1,&quot;sizes&quot;:[]}}\">\n\t\t\t\t<\/div>\n\t\t\t\t\t<\/div>\n\t\t\t\t<\/div>\n\t\t<div class=\"elementor-element elementor-element-d144b8d e-flex e-con-boxed e-con e-parent\" data-id=\"d144b8d\" data-element_type=\"container\" data-e-type=\"container\" data-settings=\"{&quot;background_background&quot;:&quot;classic&quot;}\">\n\t\t\t\t\t<div class=\"e-con-inner\">\n\t\t\t\t<div class=\"elementor-element elementor-element-d475277 elementor-widget elementor-widget-heading\" data-id=\"d475277\" data-element_type=\"widget\" data-e-type=\"widget\" data-widget_type=\"heading.default\">\n\t\t\t\t<div class=\"elementor-widget-container\">\n\t\t\t\t\t<h1 class=\"elementor-heading-title elementor-size-default\">\u00bfTienes alguna pregunta?<\/h1>\t\t\t\t<\/div>\n\t\t\t\t<\/div>\n\t\t\t\t<div class=\"elementor-element elementor-element-8611f4a elementor-widget elementor-widget-heading\" data-id=\"8611f4a\" data-element_type=\"widget\" data-e-type=\"widget\" data-widget_type=\"heading.default\">\n\t\t\t\t<div class=\"elementor-widget-container\">\n\t\t\t\t\t<h1 class=\"elementor-heading-title elementor-size-default\"> No dudes en escribirnos, estamos listos para ayudarte al instante.<\/h1>\t\t\t\t<\/div>\n\t\t\t\t<\/div>\n\t\t\t\t<div class=\"elementor-element elementor-element-ccc7cc6 elementor-align-center elementor-button-warning elementor-invisible elementor-widget elementor-widget-button\" data-id=\"ccc7cc6\" data-element_type=\"widget\" data-e-type=\"widget\" data-settings=\"{&quot;_animation&quot;:&quot;bounceIn&quot;}\" data-widget_type=\"button.default\">\n\t\t\t\t<div class=\"elementor-widget-container\">\n\t\t\t\t\t\t\t\t\t<div class=\"elementor-button-wrapper\">\n\t\t\t\t\t<a class=\"elementor-button elementor-button-link elementor-size-sm\" href=\"https:\/\/centroincorporesano.com\/contacto\/\">\n\t\t\t\t\t\t<span class=\"elementor-button-content-wrapper\">\n\t\t\t\t\t\t\t\t\t<span class=\"elementor-button-text\">Contactanos<\/span>\n\t\t\t\t\t<\/span>\n\t\t\t\t\t<\/a>\n\t\t\t\t<\/div>\n\t\t\t\t\t\t\t\t<\/div>\n\t\t\t\t<\/div>\n\t\t\t\t\t<\/div>\n\t\t\t\t<\/div>\n\t\t\t\t<\/div>\n\t\t","protected":false},"excerpt":{"rendered":"<p>Bienvenidos a In Corpore Sano Cita previa Sobre Nosotros In Corpore Sano es un centro especializado en masajes y herbolario que cuenta con m\u00e1s de 15 a\u00f1os de experiencia en el sector del bienestar. Desde inicio, hemos estado comprometidos con ofrecer servicios que promuevan la salud f\u00edsica y mental. En Erandio, llevamos 10 a\u00f1os como [&hellip;]<\/p>\n","protected":false},"author":1,"featured_media":0,"parent":0,"menu_order":0,"comment_status":"closed","ping_status":"closed","template":"elementor_canvas","meta":{"footnotes":""},"class_list":["post-2","page","type-page","status-publish","hentry"],"yoast_head":"<!-- This site is optimized with the Yoast SEO plugin v27.5 - https:\/\/yoast.com\/product\/yoast-seo-wordpress\/ -->\n<title>Inicio - In corpore sano<\/title>\n<meta name=\"robots\" content=\"index, follow, max-snippet:-1, max-image-preview:large, max-video-preview:-1\" \/>\n<link rel=\"canonical\" href=\"https:\/\/centroincorporesano.com\/eu\/\" \/>\n<meta property=\"og:locale\" content=\"en_US\" \/>\n<meta property=\"og:type\" content=\"article\" \/>\n<meta property=\"og:title\" content=\"Inicio - In corpore sano\" \/>\n<meta property=\"og:description\" content=\"Bienvenidos a In Corpore Sano Cita previa Sobre Nosotros In Corpore Sano es un centro especializado en masajes y herbolario que cuenta con m\u00e1s de 15 a\u00f1os de experiencia en el sector del bienestar. Desde inicio, hemos estado comprometidos con ofrecer servicios que promuevan la salud f\u00edsica y mental. En Erandio, llevamos 10 a\u00f1os como [&hellip;]\" \/>\n<meta property=\"og:url\" content=\"https:\/\/centroincorporesano.com\/eu\/\" \/>\n<meta property=\"og:site_name\" content=\"In corpore sano\" \/>\n<meta property=\"article:modified_time\" content=\"2025-04-02T14:25:23+00:00\" \/>\n<meta name=\"twitter:card\" content=\"summary_large_image\" \/>\n<meta name=\"twitter:label1\" content=\"Est. reading time\" \/>\n\t<meta name=\"twitter:data1\" content=\"1 minutua\" \/>\n<script type=\"application\/ld+json\" class=\"yoast-schema-graph\">{\"@context\":\"https:\\\/\\\/schema.org\",\"@graph\":[{\"@type\":\"WebPage\",\"@id\":\"https:\\\/\\\/centroincorporesano.com\\\/\",\"url\":\"https:\\\/\\\/centroincorporesano.com\\\/\",\"name\":\"Inicio - In corpore sano\",\"isPartOf\":{\"@id\":\"https:\\\/\\\/centroincorporesano.com\\\/#website\"},\"datePublished\":\"2025-03-26T17:03:04+00:00\",\"dateModified\":\"2025-04-02T14:25:23+00:00\",\"breadcrumb\":{\"@id\":\"https:\\\/\\\/centroincorporesano.com\\\/#breadcrumb\"},\"inLanguage\":\"eu\",\"potentialAction\":[{\"@type\":\"ReadAction\",\"target\":[\"https:\\\/\\\/centroincorporesano.com\\\/\"]}]},{\"@type\":\"BreadcrumbList\",\"@id\":\"https:\\\/\\\/centroincorporesano.com\\\/#breadcrumb\",\"itemListElement\":[{\"@type\":\"ListItem\",\"position\":1,\"name\":\"Portada\",\"item\":\"https:\\\/\\\/centroincorporesano.com\\\/\"},{\"@type\":\"ListItem\",\"position\":2,\"name\":\"Inicio\"}]},{\"@type\":\"WebSite\",\"@id\":\"https:\\\/\\\/centroincorporesano.com\\\/#website\",\"url\":\"https:\\\/\\\/centroincorporesano.com\\\/\",\"name\":\"In corpore sano\",\"description\":\"\",\"publisher\":{\"@id\":\"https:\\\/\\\/centroincorporesano.com\\\/#organization\"},\"potentialAction\":[{\"@type\":\"SearchAction\",\"target\":{\"@type\":\"EntryPoint\",\"urlTemplate\":\"https:\\\/\\\/centroincorporesano.com\\\/?s={search_term_string}\"},\"query-input\":{\"@type\":\"PropertyValueSpecification\",\"valueRequired\":true,\"valueName\":\"search_term_string\"}}],\"inLanguage\":\"eu\"},{\"@type\":\"Organization\",\"@id\":\"https:\\\/\\\/centroincorporesano.com\\\/#organization\",\"name\":\"In corpore sano\",\"url\":\"https:\\\/\\\/centroincorporesano.com\\\/\",\"logo\":{\"@type\":\"ImageObject\",\"inLanguage\":\"eu\",\"@id\":\"https:\\\/\\\/centroincorporesano.com\\\/#\\\/schema\\\/logo\\\/image\\\/\",\"url\":\"https:\\\/\\\/centroincorporesano.com\\\/wp-content\\\/uploads\\\/2025\\\/03\\\/cropped-In-corpore-sano.png\",\"contentUrl\":\"https:\\\/\\\/centroincorporesano.com\\\/wp-content\\\/uploads\\\/2025\\\/03\\\/cropped-In-corpore-sano.png\",\"width\":438,\"height\":209,\"caption\":\"In corpore sano\"},\"image\":{\"@id\":\"https:\\\/\\\/centroincorporesano.com\\\/#\\\/schema\\\/logo\\\/image\\\/\"}}]}<\/script>\n<!-- \/ Yoast SEO plugin. -->","yoast_head_json":{"title":"Inicio - In corpore sano","robots":{"index":"index","follow":"follow","max-snippet":"max-snippet:-1","max-image-preview":"max-image-preview:large","max-video-preview":"max-video-preview:-1"},"canonical":"https:\/\/centroincorporesano.com\/eu\/","og_locale":"en_US","og_type":"article","og_title":"Inicio - In corpore sano","og_description":"Bienvenidos a In Corpore Sano Cita previa Sobre Nosotros In Corpore Sano es un centro especializado en masajes y herbolario que cuenta con m\u00e1s de 15 a\u00f1os de experiencia en el sector del bienestar. Desde inicio, hemos estado comprometidos con ofrecer servicios que promuevan la salud f\u00edsica y mental. En Erandio, llevamos 10 a\u00f1os como [&hellip;]","og_url":"https:\/\/centroincorporesano.com\/eu\/","og_site_name":"In corpore sano","article_modified_time":"2025-04-02T14:25:23+00:00","twitter_card":"summary_large_image","twitter_misc":{"Est. reading time":"1 minutua"},"schema":{"@context":"https:\/\/schema.org","@graph":[{"@type":"WebPage","@id":"https:\/\/centroincorporesano.com\/","url":"https:\/\/centroincorporesano.com\/","name":"Inicio - In corpore sano","isPartOf":{"@id":"https:\/\/centroincorporesano.com\/#website"},"datePublished":"2025-03-26T17:03:04+00:00","dateModified":"2025-04-02T14:25:23+00:00","breadcrumb":{"@id":"https:\/\/centroincorporesano.com\/#breadcrumb"},"inLanguage":"eu","potentialAction":[{"@type":"ReadAction","target":["https:\/\/centroincorporesano.com\/"]}]},{"@type":"BreadcrumbList","@id":"https:\/\/centroincorporesano.com\/#breadcrumb","itemListElement":[{"@type":"ListItem","position":1,"name":"Portada","item":"https:\/\/centroincorporesano.com\/"},{"@type":"ListItem","position":2,"name":"Inicio"}]},{"@type":"WebSite","@id":"https:\/\/centroincorporesano.com\/#website","url":"https:\/\/centroincorporesano.com\/","name":"In corpore sano","description":"","publisher":{"@id":"https:\/\/centroincorporesano.com\/#organization"},"potentialAction":[{"@type":"SearchAction","target":{"@type":"EntryPoint","urlTemplate":"https:\/\/centroincorporesano.com\/?s={search_term_string}"},"query-input":{"@type":"PropertyValueSpecification","valueRequired":true,"valueName":"search_term_string"}}],"inLanguage":"eu"},{"@type":"Organization","@id":"https:\/\/centroincorporesano.com\/#organization","name":"In corpore sano","url":"https:\/\/centroincorporesano.com\/","logo":{"@type":"ImageObject","inLanguage":"eu","@id":"https:\/\/centroincorporesano.com\/#\/schema\/logo\/image\/","url":"https:\/\/centroincorporesano.com\/wp-content\/uploads\/2025\/03\/cropped-In-corpore-sano.png","contentUrl":"https:\/\/centroincorporesano.com\/wp-content\/uploads\/2025\/03\/cropped-In-corpore-sano.png","width":438,"height":209,"caption":"In corpore sano"},"image":{"@id":"https:\/\/centroincorporesano.com\/#\/schema\/logo\/image\/"}}]}},"_links":{"self":[{"href":"https:\/\/centroincorporesano.com\/eu\/wp-json\/wp\/v2\/pages\/2","targetHints":{"allow":["GET"]}}],"collection":[{"href":"https:\/\/centroincorporesano.com\/eu\/wp-json\/wp\/v2\/pages"}],"about":[{"href":"https:\/\/centroincorporesano.com\/eu\/wp-json\/wp\/v2\/types\/page"}],"author":[{"embeddable":true,"href":"https:\/\/centroincorporesano.com\/eu\/wp-json\/wp\/v2\/users\/1"}],"replies":[{"embeddable":true,"href":"https:\/\/centroincorporesano.com\/eu\/wp-json\/wp\/v2\/comments?post=2"}],"version-history":[{"count":409,"href":"https:\/\/centroincorporesano.com\/eu\/wp-json\/wp\/v2\/pages\/2\/revisions"}],"predecessor-version":[{"id":1090,"href":"https:\/\/centroincorporesano.com\/eu\/wp-json\/wp\/v2\/pages\/2\/revisions\/1090"}],"wp:attachment":[{"href":"https:\/\/centroincorporesano.com\/eu\/wp-json\/wp\/v2\/media?parent=2"}],"curies":[{"name":"wp","href":"https:\/\/api.w.org\/{rel}","templated":true}]}}